{"id":25976,"date":"2017-12-16T14:47:04","date_gmt":"2017-12-16T13:47:04","guid":{"rendered":"http:\/\/www.hotelposta.org\/?page_id=25976"},"modified":"2026-02-16T11:44:43","modified_gmt":"2026-02-16T10:44:43","slug":"gallery","status":"publish","type":"page","link":"https:\/\/www.hotelposta.org\/de\/gallery\/","title":{"rendered":"GALLERY"},"content":{"rendered":"<p>[et_pb_section fb_built=&#8220;1&#8243; fullwidth=&#8220;on&#8220; _builder_version=&#8220;4.16&#8243; custom_padding=&#8220;0px|0px|0px|0px&#8220; da_disable_devices=&#8220;off|off|off&#8220; global_colors_info=&#8220;{}&#8220; da_is_popup=&#8220;off&#8220; da_exit_intent=&#8220;off&#8220; da_has_close=&#8220;on&#8220; da_alt_close=&#8220;off&#8220; da_dark_close=&#8220;off&#8220; da_not_modal=&#8220;on&#8220; da_is_singular=&#8220;off&#8220; da_with_loader=&#8220;off&#8220; da_has_shadow=&#8220;on&#8220;][et_pb_fullwidth_image src=&#8220;https:\/\/www.hotelposta.org\/wp-content\/uploads\/2018\/05\/Pigne11.png&#8220; _builder_version=&#8220;4.16&#8243; global_colors_info=&#8220;{}&#8220;][\/et_pb_fullwidth_image][\/et_pb_section][et_pb_section fb_built=&#8220;1&#8243; custom_padding_last_edited=&#8220;on|phone&#8220; _builder_version=&#8220;4.18.0&#8243; background_color=&#8220;#711223&#8243; z_index=&#8220;500&#8243; custom_padding=&#8220;1%|0px|0.9%|0px|false|false&#8220; custom_padding_tablet=&#8220;&#8220; custom_padding_phone=&#8220;4%||5%||false|false&#8220; da_disable_devices=&#8220;off|off|off&#8220; locked=&#8220;off&#8220; collapsed=&#8220;off&#8220; global_colors_info=&#8220;{}&#8220; da_is_popup=&#8220;off&#8220; da_exit_intent=&#8220;off&#8220; da_has_close=&#8220;on&#8220; da_alt_close=&#8220;off&#8220; da_dark_close=&#8220;off&#8220; da_not_modal=&#8220;on&#8220; da_is_singular=&#8220;off&#8220; da_with_loader=&#8220;off&#8220; da_has_shadow=&#8220;on&#8220;][et_pb_row custom_padding_last_edited=&#8220;on|phone&#8220; disabled_on=&#8220;off|off|off&#8220; _builder_version=&#8220;4.16&#8243; background_size=&#8220;contain&#8220; background_position=&#8220;top_center&#8220; module_alignment=&#8220;center&#8220; custom_margin_tablet=&#8220;&#8220; custom_margin_phone=&#8220;&#8220; custom_margin_last_edited=&#8220;on|desktop&#8220; custom_padding=&#8220;35px|0px|0px|0px&#8220; custom_padding_tablet=&#8220;20px|0px|0px|0px&#8220; custom_padding_phone=&#8220;0px|||&#8220; global_colors_info=&#8220;{}&#8220;][et_pb_column type=&#8220;4_4&#8243; _builder_version=&#8220;4.16&#8243; custom_padding=&#8220;|||&#8220; global_colors_info=&#8220;{}&#8220; custom_padding__hover=&#8220;|||&#8220;][et_pb_code _builder_version=&#8220;4.17.4&#8243; _module_preset=&#8220;default&#8220; global_colors_info=&#8220;{}&#8220;]<\/p>\n<div id=\"sb-container-de\">TEST<\/div>\n<p>[\/et_pb_code][\/et_pb_column][\/et_pb_row][\/et_pb_section][et_pb_section fb_built=&#8220;1&#8243; _builder_version=&#8220;4.16&#8243; background_color=&#8220;#711223&#8243; custom_padding=&#8220;54px|0px|16px|0px&#8220; da_disable_devices=&#8220;off|off|off&#8220; global_colors_info=&#8220;{}&#8220; da_is_popup=&#8220;off&#8220; da_exit_intent=&#8220;off&#8220; da_has_close=&#8220;on&#8220; da_alt_close=&#8220;off&#8220; da_dark_close=&#8220;off&#8220; da_not_modal=&#8220;on&#8220; da_is_singular=&#8220;off&#8220; da_with_loader=&#8220;off&#8220; da_has_shadow=&#8220;on&#8220;][et_pb_row custom_padding_last_edited=&#8220;on|phone&#8220; disabled_on=&#8220;off|off|off&#8220; _builder_version=&#8220;4.16&#8243; background_image=&#8220;https:\/\/www.hotelposta.org\/wp-content\/uploads\/2017\/12\/G.png&#8220; background_size=&#8220;contain&#8220; background_position=&#8220;top_center&#8220; module_alignment=&#8220;center&#8220; custom_margin_tablet=&#8220;&#8220; custom_margin_phone=&#8220;&#8220; custom_margin_last_edited=&#8220;on|desktop&#8220; custom_padding=&#8220;35px|0px|0px|0px&#8220; custom_padding_tablet=&#8220;20px|0px|0px|0px&#8220; custom_padding_phone=&#8220;0px|||&#8220; global_colors_info=&#8220;{}&#8220;][et_pb_column type=&#8220;4_4&#8243; _builder_version=&#8220;4.16&#8243; custom_padding=&#8220;|||&#8220; global_colors_info=&#8220;{}&#8220; custom_padding__hover=&#8220;|||&#8220;][et_pb_text _builder_version=&#8220;4.16&#8243; text_font=&#8220;Playfair Display||||||||&#8220; text_text_color=&#8220;#86754d&#8220; text_font_size=&#8220;20px&#8220; header_font=&#8220;Playfair Display||||||||&#8220; header_text_color=&#8220;#86754d&#8220; header_font_size=&#8220;38px&#8220; header_2_font=&#8220;Playfair Display||on||||||&#8220; header_2_font_size=&#8220;24px&#8220; background_size=&#8220;contain&#8220; background_position=&#8220;bottom_center&#8220; text_orientation=&#8220;center&#8220; module_alignment=&#8220;center&#8220; custom_margin=&#8220;||5px|&#8220; custom_margin_tablet=&#8220;&#8220; custom_margin_phone=&#8220;&#8220; custom_margin_last_edited=&#8220;on|desktop&#8220; custom_padding=&#8220;||5px|&#8220; custom_padding_tablet=&#8220;&#8220; custom_padding_phone=&#8220;&#8220; custom_padding_last_edited=&#8220;on|desktop&#8220; global_colors_info=&#8220;{}&#8220;]<\/p>\n<h1 style=\"text-align: center;\"><span style=\"color: #ffffff;\">Galerie<\/span><\/h1>\n<h2 style=\"text-align: center;\"><span style=\"color: #86754d;\">\u00a0<\/span><\/h2>\n<p>[\/et_pb_text][\/et_pb_column][\/et_pb_row][\/et_pb_section][et_pb_section fb_built=&#8220;1&#8243; _builder_version=&#8220;4.16&#8243; background_color=&#8220;#711223&#8243; custom_margin_tablet=&#8220;&#8220; custom_margin_phone=&#8220;&#8220; custom_margin_last_edited=&#8220;on|tablet&#8220; custom_padding=&#8220;0px|0px|50px|0px&#8220; da_disable_devices=&#8220;off|off|off&#8220; global_colors_info=&#8220;{}&#8220; da_is_popup=&#8220;off&#8220; da_exit_intent=&#8220;off&#8220; da_has_close=&#8220;on&#8220; da_alt_close=&#8220;off&#8220; da_dark_close=&#8220;off&#8220; da_not_modal=&#8220;on&#8220; da_is_singular=&#8220;off&#8220; da_with_loader=&#8220;off&#8220; da_has_shadow=&#8220;on&#8220;][et_pb_row column_structure=&#8220;1_3,1_3,1_3&#8243; use_custom_gutter=&#8220;on&#8220; gutter_width=&#8220;2&#8243; make_equal=&#8220;on&#8220; _builder_version=&#8220;4.16&#8243; background_color=&#8220;#711223&#8243; background_size=&#8220;initial&#8220; background_position=&#8220;top_left&#8220; background_repeat=&#8220;repeat&#8220; module_alignment=&#8220;center&#8220; custom_margin=&#8220;0px|||&#8220; custom_padding=&#8220;0px|||&#8220; border_style_all=&#8220;none&#8220; custom_width_px=&#8220;1132px&#8220; global_colors_info=&#8220;{}&#8220;][et_pb_column type=&#8220;1_3&#8243; _builder_version=&#8220;4.16&#8243; custom_padding=&#8220;|||&#8220; global_colors_info=&#8220;{}&#8220; custom_padding__hover=&#8220;|||&#8220;][et_pb_gallery gallery_ids=&#8220;25624,25632,25638,25636,25640,25633,25635,25634&#8243; gallery_captions=&#8220;Hotel Posta, , , , , , , &#8220; posts_number=&#8220;1&#8243; show_title_and_caption=&#8220;off&#8220; show_pagination=&#8220;off&#8220; zoom_icon_color=&#8220;#711223&#8243; hover_overlay_color=&#8220;rgba(255,255,255,0.69)&#8220; _builder_version=&#8220;4.16&#8243; title_text_align=&#8220;center&#8220; title_text_color=&#8220;#e5e0d6&#8243; caption_font=&#8220;Alice||||||||&#8220; caption_text_align=&#8220;center&#8220; caption_text_color=&#8220;#e5e0d6&#8243; pagination_font=&#8220;Alice||||||||&#8220; background_color=&#8220;#711223&#8243; text_orientation=&#8220;center&#8220; background_layout=&#8220;dark&#8220; pagination_font_size_tablet=&#8220;51&#8243; pagination_line_height_tablet=&#8220;2&#8243; border_style_top_image=&#8220;solid&#8220; border_style_right_image=&#8220;solid&#8220; border_style_bottom_image=&#8220;solid&#8220; border_style_left_image=&#8220;solid&#8220; global_colors_info=&#8220;{}&#8220;][\/et_pb_gallery][et_pb_gallery gallery_ids=&#8220;26346,27799,27793,27771,27753,27736,27745,27756,27750,27759,27774,27765,27762,27768,26282,26357,26356,26279,26354,26355,26777,26774,26359,25663,25658,26771,26765&#8243; gallery_captions=&#8220;,,,,,,&#8220; posts_number=&#8220;1&#8243; show_title_and_caption=&#8220;off&#8220; show_pagination=&#8220;off&#8220; zoom_icon_color=&#8220;#711223&#8243; hover_overlay_color=&#8220;rgba(255,255,255,0.69)&#8220; _builder_version=&#8220;4.17.4&#8243; pagination_font_size_tablet=&#8220;51&#8243; pagination_line_height_tablet=&#8220;2&#8243; global_colors_info=&#8220;{}&#8220;][\/et_pb_gallery][\/et_pb_column][et_pb_column type=&#8220;1_3&#8243; _builder_version=&#8220;4.16&#8243; custom_padding=&#8220;|||&#8220; global_colors_info=&#8220;{}&#8220; custom_padding__hover=&#8220;|||&#8220;][et_pb_gallery gallery_ids=&#8220;26156,25650,25645,25651,25643,25647,25644,25646,25648,25649&#8243; gallery_captions=&#8220;,,,,,,,,,&#8220; posts_number=&#8220;1&#8243; show_title_and_caption=&#8220;off&#8220; show_pagination=&#8220;off&#8220; zoom_icon_color=&#8220;#711223&#8243; hover_overlay_color=&#8220;rgba(255,255,255,0.69)&#8220; _builder_version=&#8220;4.17.4&#8243; pagination_font_size_tablet=&#8220;51&#8243; pagination_line_height_tablet=&#8220;2&#8243; border_style_top_image=&#8220;solid&#8220; border_style_right_image=&#8220;solid&#8220; border_style_bottom_image=&#8220;solid&#8220; border_style_left_image=&#8220;solid&#8220; global_colors_info=&#8220;{}&#8220;][\/et_pb_gallery][et_pb_gallery gallery_ids=&#8220;26153,28274,27742,28244,27389,27401,25666,25674,28241,25677,25676,25667,25679,28265,28250,28253,25669,27386,27374,25670,25678,27392,27371,25675,25671,25672,27739,28262,28247,28256,27730,27368,27395,27790,27787,27777,28271,28268,28259&#8243; gallery_captions=&#8220;,,,,,,,,,,,,,&#8220; posts_number=&#8220;1&#8243; show_title_and_caption=&#8220;off&#8220; show_pagination=&#8220;off&#8220; zoom_icon_color=&#8220;#711223&#8243; hover_overlay_color=&#8220;rgba(255,255,255,0.69)&#8220; _builder_version=&#8220;4.18.1&#8243; hover_enabled=&#8220;0&#8243; pagination_font_size_tablet=&#8220;51&#8243; pagination_line_height_tablet=&#8220;2&#8243; border_style_top_image=&#8220;solid&#8220; border_style_right_image=&#8220;solid&#8220; border_style_bottom_image=&#8220;solid&#8220; border_style_left_image=&#8220;solid&#8220; global_colors_info=&#8220;{}&#8220; sticky_enabled=&#8220;0&#8243;][\/et_pb_gallery][\/et_pb_column][et_pb_column type=&#8220;1_3&#8243; _builder_version=&#8220;4.16&#8243; custom_padding=&#8220;|||&#8220; global_colors_info=&#8220;{}&#8220; custom_padding__hover=&#8220;|||&#8220;][et_pb_gallery gallery_ids=&#8220;25627,27762,27733,27756,27736,25655,27781,25654,25656,25657&#8243; gallery_captions=&#8220;,,,,,&#8220; posts_number=&#8220;1&#8243; show_title_and_caption=&#8220;off&#8220; show_pagination=&#8220;off&#8220; zoom_icon_color=&#8220;#711223&#8243; hover_overlay_color=&#8220;rgba(255,255,255,0.69)&#8220; _builder_version=&#8220;4.17.4&#8243; pagination_font_size_tablet=&#8220;51&#8243; pagination_line_height_tablet=&#8220;2&#8243; border_style_top_image=&#8220;solid&#8220; border_style_right_image=&#8220;solid&#8220; border_style_bottom_image=&#8220;solid&#8220; border_style_left_image=&#8220;solid&#8220; global_colors_info=&#8220;{}&#8220;][\/et_pb_gallery][et_pb_gallery gallery_ids=&#8220;25630,25680,25690,25681,25689,25684,25686,25688,25687,25682,25691,25692,25679&#8243; gallery_captions=&#8220;,,,,,,,,,,,,&#8220; posts_number=&#8220;1&#8243; show_title_and_caption=&#8220;off&#8220; show_pagination=&#8220;off&#8220; zoom_icon_color=&#8220;#711223&#8243; hover_overlay_color=&#8220;rgba(255,255,255,0.69)&#8220; _builder_version=&#8220;4.17.4&#8243; pagination_font_size_tablet=&#8220;51&#8243; pagination_line_height_tablet=&#8220;2&#8243; border_style_top_image=&#8220;solid&#8220; border_style_right_image=&#8220;solid&#8220; border_style_bottom_image=&#8220;solid&#8220; border_style_left_image=&#8220;solid&#8220; global_colors_info=&#8220;{}&#8220;][\/et_pb_gallery][\/et_pb_column][\/et_pb_row][\/et_pb_section][et_pb_section fb_built=&#8220;1&#8243; _builder_version=&#8220;4.16&#8243; background_color=&#8220;#7e1529&#8243; custom_margin=&#8220;||0px|&#8220; custom_padding=&#8220;0px|0px|0px|0px&#8220; da_disable_devices=&#8220;off|off|off&#8220; border_style_all=&#8220;none&#8220; global_colors_info=&#8220;{}&#8220; da_is_popup=&#8220;off&#8220; da_exit_intent=&#8220;off&#8220; da_has_close=&#8220;on&#8220; da_alt_close=&#8220;off&#8220; da_dark_close=&#8220;off&#8220; da_not_modal=&#8220;on&#8220; da_is_singular=&#8220;off&#8220; da_with_loader=&#8220;off&#8220; da_has_shadow=&#8220;on&#8220;][et_pb_row use_custom_gutter=&#8220;on&#8220; gutter_width=&#8220;1&#8243; custom_padding_last_edited=&#8220;on|phone&#8220; module_class=&#8220;six-columns et_pb_row_fullwidth&#8220; _builder_version=&#8220;4.18.1&#8243; background_color=&#8220;#FFFFFF&#8220; background_size=&#8220;contain&#8220; width=&#8220;100%&#8220; width_tablet=&#8220;100%&#8220; width_phone=&#8220;&#8220; width_last_edited=&#8220;on|desktop&#8220; max_width=&#8220;100%&#8220; max_width_tablet=&#8220;100%&#8220; max_width_phone=&#8220;&#8220; max_width_last_edited=&#8220;on|desktop&#8220; module_alignment=&#8220;center&#8220; custom_margin=&#8220;||0px|&#8220; custom_padding=&#8220;20px||0px|&#8220; custom_padding_tablet=&#8220;&#8220; custom_padding_phone=&#8220;&#8220; border_style_all=&#8220;none&#8220; make_fullwidth=&#8220;on&#8220; custom_width_px=&#8220;2600px&#8220; global_colors_info=&#8220;{}&#8220;][et_pb_column type=&#8220;4_4&#8243; _builder_version=&#8220;4.16&#8243; custom_padding=&#8220;||0px|&#8220; global_colors_info=&#8220;{}&#8220; custom_padding__hover=&#8220;|||&#8220;][et_pb_blurb url=&#8220;http:\/\/www.fornidisopradolomiti.com&#8220; url_new_window=&#8220;on&#8220; image=&#8220;https:\/\/www.hotelposta.org\/wp-content\/uploads\/2017\/12\/Forni-di-sopra-dolomiti.png&#8220; _builder_version=&#8220;4.16&#8243; header_font_size=&#8220;1px&#8220; animation=&#8220;off&#8220; border_style_all=&#8220;none&#8220; border_style_top_image=&#8220;solid&#8220; border_style_right_image=&#8220;solid&#8220; border_style_bottom_image=&#8220;solid&#8220; border_style_left_image=&#8220;solid&#8220; global_colors_info=&#8220;{}&#8220;][\/et_pb_blurb][et_pb_blurb url=&#8220;http:\/\/www.turismofvg.it\/Info-utili\/Uffici-turistici\/Forni-di-Sopra-Infopoint&#8220; url_new_window=&#8220;on&#8220; image=&#8220;https:\/\/www.hotelposta.org\/wp-content\/uploads\/2017\/12\/Turismo-FVG.png&#8220; _builder_version=&#8220;4.16&#8243; header_font_size=&#8220;1px&#8220; animation=&#8220;off&#8220; border_style_all=&#8220;none&#8220; border_style_top_image=&#8220;solid&#8220; border_style_right_image=&#8220;solid&#8220; border_style_bottom_image=&#8220;solid&#8220; border_style_left_image=&#8220;solid&#8220; global_colors_info=&#8220;{}&#8220;][\/et_pb_blurb][et_pb_blurb url=&#8220;http:\/\/www.parcodolomitifriulane.it&#8220; url_new_window=&#8220;on&#8220; image=&#8220;https:\/\/www.hotelposta.org\/wp-content\/uploads\/2017\/12\/Parco-Dolomiti-Friulane.png&#8220; _builder_version=&#8220;4.16&#8243; header_font=&#8220;||||||||&#8220; header_font_size=&#8220;1px&#8220; animation=&#8220;off&#8220; border_style_all=&#8220;none&#8220; border_style_top_image=&#8220;solid&#8220; border_style_right_image=&#8220;solid&#8220; border_style_bottom_image=&#8220;solid&#8220; border_style_left_image=&#8220;solid&#8220; global_colors_info=&#8220;{}&#8220;][\/et_pb_blurb][et_pb_blurb url=&#8220;http:\/\/www.alpine-pearls.com&#8220; url_new_window=&#8220;on&#8220; image=&#8220;https:\/\/www.hotelposta.org\/wp-content\/uploads\/2022\/12\/alpine_pearls_logo_rgb-2.png&#8220; _builder_version=&#8220;4.18.1&#8243; header_font=&#8220;||||||||&#8220; header_font_size=&#8220;1px&#8220; animation=&#8220;off&#8220; border_style_all=&#8220;none&#8220; border_style_top_image=&#8220;solid&#8220; border_style_right_image=&#8220;solid&#8220; border_style_bottom_image=&#8220;solid&#8220; border_style_left_image=&#8220;solid&#8220; global_colors_info=&#8220;{}&#8220;][\/et_pb_blurb][et_pb_blurb url=&#8220;http:\/\/www.dolomitiunesco.info&#8220; url_new_window=&#8220;on&#8220; image=&#8220;https:\/\/www.hotelposta.org\/wp-content\/uploads\/2017\/12\/Unesco.png&#8220; _builder_version=&#8220;4.16&#8243; header_font=&#8220;||||||||&#8220; header_font_size=&#8220;1px&#8220; animation=&#8220;off&#8220; border_style_all=&#8220;none&#8220; border_style_top_image=&#8220;solid&#8220; border_style_right_image=&#8220;solid&#8220; border_style_bottom_image=&#8220;solid&#8220; border_style_left_image=&#8220;solid&#8220; global_colors_info=&#8220;{}&#8220;][\/et_pb_blurb][et_pb_blurb url=&#8220;https:\/\/ice-man.fornidisopra.org\/&#8220; url_new_window=&#8220;on&#8220; image=&#8220;https:\/\/www.hotelposta.org\/wp-content\/uploads\/2026\/01\/La-Mascotte-HARLUK-1.png&#8220; image_icon_width=&#8220;25%&#8220; _builder_version=&#8220;4.18.1&#8243; header_font=&#8220;||||||||&#8220; header_font_size=&#8220;1px&#8220; animation=&#8220;off&#8220; border_style_all=&#8220;none&#8220; border_style_top_image=&#8220;solid&#8220; border_style_right_image=&#8220;solid&#8220; border_style_bottom_image=&#8220;solid&#8220; border_style_left_image=&#8220;solid&#8220; global_colors_info=&#8220;{}&#8220;][\/et_pb_blurb][\/et_pb_column][\/et_pb_row][\/et_pb_section]<\/p>\n<span class=\"et_bloom_bottom_trigger\"><\/span>","protected":false},"excerpt":{"rendered":"<p>Galerie \u00a0<\/p>\n","protected":false},"author":1,"featured_media":0,"parent":0,"menu_order":0,"comment_status":"closed","ping_status":"closed","template":"","meta":{"_et_pb_use_builder":"on","_et_pb_old_content":"<p>Questa \u00e8 una pagina di esempio. Differisce da un articolo del blog perch\u00e9 rimane in posizione fissa e appare nella navigazione del sito (nella maggior parte dei temi). Molte persone iniziano con una pagina informativa che li introduce ai potenziali visitatori. Che potrebbe dire un cosa del genere:<\/p><blockquote><p>Salve! Sono un pony express di giorno, un aspirante attore di notte e questo \u00e8 il mio blog. Vivo a Los Angeles, ho un bellissimo cane di nome Jack e adoro la pi\u00f1a colada. (E trovarmi sotto la pioggia.)<\/p><\/blockquote><p>...oppure qualche cosa del genere:<\/p><blockquote><p>La XYZ Doohickey Company \u00e8 stata fondata nel 1971 e da allora ha venduto cazzabubbole di qualit\u00e0 ai propri clienti. SI trova a Gotham City, XYZ impiega oltre 2.000 persone e produce le cose pi\u00f9 incredibili per la comunit\u00e0 di Gotham.<\/p><\/blockquote><p>Come nuovo utente WordPress, \u00e8 possibile andare <a href=\"https:\/\/www.hotelposta.org\/wp-admin\/\">sulla bacheca<\/a> per eliminare questa pagina e creare nuove pagine per i propri contenuti. Buon divertimento!<\/p>","_et_gb_content_width":"","footnotes":""},"_links":{"self":[{"href":"https:\/\/www.hotelposta.org\/de\/wp-json\/wp\/v2\/pages\/25976\/"}],"collection":[{"href":"https:\/\/www.hotelposta.org\/de\/wp-json\/wp\/v2\/pages\/"}],"about":[{"href":"https:\/\/www.hotelposta.org\/de\/wp-json\/wp\/v2\/types\/page\/"}],"author":[{"embeddable":true,"href":"https:\/\/www.hotelposta.org\/de\/wp-json\/wp\/v2\/users\/1\/"}],"replies":[{"embeddable":true,"href":"https:\/\/www.hotelposta.org\/de\/wp-json\/wp\/v2\/comments\/?post=25976"}],"version-history":[{"count":19,"href":"https:\/\/www.hotelposta.org\/de\/wp-json\/wp\/v2\/pages\/25976\/revisions\/"}],"predecessor-version":[{"id":28284,"href":"https:\/\/www.hotelposta.org\/de\/wp-json\/wp\/v2\/pages\/25976\/revisions\/28284\/"}],"wp:attachment":[{"href":"https:\/\/www.hotelposta.org\/de\/wp-json\/wp\/v2\/media\/?parent=25976"}],"curies":[{"name":"wp","href":"https:\/\/api.w.org\/{rel}","templated":true}]}}