{"id":25974,"date":"2017-12-16T14:48:48","date_gmt":"2017-12-16T13:48:48","guid":{"rendered":"http:\/\/www.hotelposta.org\/?page_id=25974"},"modified":"2026-02-16T11:34:55","modified_gmt":"2026-02-16T10:34:55","slug":"gallery","status":"publish","type":"page","link":"https:\/\/www.hotelposta.org\/en\/gallery\/","title":{"rendered":"GALLERY"},"content":{"rendered":"<p>[et_pb_section fb_built=&#8221;1&#8243; fullwidth=&#8221;on&#8221; _builder_version=&#8221;4.16&#8243; custom_padding=&#8221;0px|0px|0px|0px&#8221; da_disable_devices=&#8221;off|off|off&#8221; global_colors_info=&#8221;{}&#8221; da_is_popup=&#8221;off&#8221; da_exit_intent=&#8221;off&#8221; da_has_close=&#8221;on&#8221; da_alt_close=&#8221;off&#8221; da_dark_close=&#8221;off&#8221; da_not_modal=&#8221;on&#8221; da_is_singular=&#8221;off&#8221; da_with_loader=&#8221;off&#8221; da_has_shadow=&#8221;on&#8221;][et_pb_fullwidth_image src=&#8221;https:\/\/www.hotelposta.org\/wp-content\/uploads\/2018\/05\/Pigne11.png&#8221; _builder_version=&#8221;4.16&#8243; global_colors_info=&#8221;{}&#8221;][\/et_pb_fullwidth_image][\/et_pb_section][et_pb_section fb_built=&#8221;1&#8243; custom_padding_last_edited=&#8221;on|phone&#8221; _builder_version=&#8221;4.18.0&#8243; background_color=&#8221;#711223&#8243; z_index=&#8221;500&#8243; custom_padding=&#8221;1%|0px|0.9%|0px|false|false&#8221; custom_padding_tablet=&#8221;&#8221; custom_padding_phone=&#8221;4%||5%||false|false&#8221; da_disable_devices=&#8221;off|off|off&#8221; locked=&#8221;off&#8221; collapsed=&#8221;off&#8221; global_colors_info=&#8221;{}&#8221; da_is_popup=&#8221;off&#8221; da_exit_intent=&#8221;off&#8221; da_has_close=&#8221;on&#8221; da_alt_close=&#8221;off&#8221; da_dark_close=&#8221;off&#8221; da_not_modal=&#8221;on&#8221; da_is_singular=&#8221;off&#8221; da_with_loader=&#8221;off&#8221; da_has_shadow=&#8221;on&#8221;][et_pb_row custom_padding_last_edited=&#8221;on|phone&#8221; disabled_on=&#8221;off|off|off&#8221; _builder_version=&#8221;4.16&#8243; background_size=&#8221;contain&#8221; background_position=&#8221;top_center&#8221; module_alignment=&#8221;center&#8221; custom_margin_tablet=&#8221;&#8221; custom_margin_phone=&#8221;&#8221; custom_margin_last_edited=&#8221;on|desktop&#8221; custom_padding=&#8221;35px|0px|0px|0px&#8221; custom_padding_tablet=&#8221;20px|0px|0px|0px&#8221; custom_padding_phone=&#8221;0px|||&#8221; global_colors_info=&#8221;{}&#8221;][et_pb_column type=&#8221;4_4&#8243; _builder_version=&#8221;4.16&#8243; custom_padding=&#8221;|||&#8221; global_colors_info=&#8221;{}&#8221; custom_padding__hover=&#8221;|||&#8221;][et_pb_code _builder_version=&#8221;4.17.4&#8243; _module_preset=&#8221;default&#8221; global_colors_info=&#8221;{}&#8221;]<\/p>\n<div id=\"sb-container-en\">TEST<\/div>\n<p>[\/et_pb_code][\/et_pb_column][\/et_pb_row][\/et_pb_section][et_pb_section fb_built=&#8221;1&#8243; _builder_version=&#8221;4.16&#8243; background_color=&#8221;#711223&#8243; custom_padding=&#8221;54px|0px|16px|0px&#8221; da_disable_devices=&#8221;off|off|off&#8221; global_colors_info=&#8221;{}&#8221; da_is_popup=&#8221;off&#8221; da_exit_intent=&#8221;off&#8221; da_has_close=&#8221;on&#8221; da_alt_close=&#8221;off&#8221; da_dark_close=&#8221;off&#8221; da_not_modal=&#8221;on&#8221; da_is_singular=&#8221;off&#8221; da_with_loader=&#8221;off&#8221; da_has_shadow=&#8221;on&#8221;][et_pb_row custom_padding_last_edited=&#8221;on|phone&#8221; disabled_on=&#8221;off|off|off&#8221; _builder_version=&#8221;4.16&#8243; background_image=&#8221;https:\/\/www.hotelposta.org\/wp-content\/uploads\/2017\/12\/G.png&#8221; background_size=&#8221;contain&#8221; background_position=&#8221;top_center&#8221; module_alignment=&#8221;center&#8221; custom_margin_tablet=&#8221;&#8221; custom_margin_phone=&#8221;&#8221; custom_margin_last_edited=&#8221;on|desktop&#8221; custom_padding=&#8221;35px|0px|0px|0px&#8221; custom_padding_tablet=&#8221;20px|0px|0px|0px&#8221; custom_padding_phone=&#8221;0px|||&#8221; global_colors_info=&#8221;{}&#8221;][et_pb_column type=&#8221;4_4&#8243; _builder_version=&#8221;4.16&#8243; custom_padding=&#8221;|||&#8221; global_colors_info=&#8221;{}&#8221; custom_padding__hover=&#8221;|||&#8221;][et_pb_text _builder_version=&#8221;4.16&#8243; text_font=&#8221;Playfair Display||||||||&#8221; text_text_color=&#8221;#86754d&#8221; text_font_size=&#8221;20px&#8221; header_font=&#8221;Playfair Display||||||||&#8221; header_text_color=&#8221;#86754d&#8221; header_font_size=&#8221;38px&#8221; header_2_font=&#8221;Playfair Display||on||||||&#8221; header_2_font_size=&#8221;24px&#8221; background_size=&#8221;contain&#8221; background_position=&#8221;bottom_center&#8221; text_orientation=&#8221;center&#8221; module_alignment=&#8221;center&#8221; custom_margin=&#8221;||5px|&#8221; custom_margin_tablet=&#8221;&#8221; custom_margin_phone=&#8221;&#8221; custom_margin_last_edited=&#8221;on|desktop&#8221; custom_padding=&#8221;||5px|&#8221; custom_padding_tablet=&#8221;&#8221; custom_padding_phone=&#8221;&#8221; custom_padding_last_edited=&#8221;on|desktop&#8221; global_colors_info=&#8221;{}&#8221;]<\/p>\n<h1 style=\"text-align: center;\"><span style=\"color: #ffffff;\">Gallery<\/span><\/h1>\n<h2 style=\"text-align: center;\"><span style=\"color: #86754d;\">\u00a0<\/span><\/h2>\n<p>[\/et_pb_text][\/et_pb_column][\/et_pb_row][\/et_pb_section][et_pb_section fb_built=&#8221;1&#8243; _builder_version=&#8221;4.16&#8243; background_color=&#8221;#711223&#8243; custom_margin_tablet=&#8221;&#8221; custom_margin_phone=&#8221;&#8221; custom_margin_last_edited=&#8221;on|tablet&#8221; custom_padding=&#8221;0px|0px|50px|0px&#8221; da_disable_devices=&#8221;off|off|off&#8221; global_colors_info=&#8221;{}&#8221; da_is_popup=&#8221;off&#8221; da_exit_intent=&#8221;off&#8221; da_has_close=&#8221;on&#8221; da_alt_close=&#8221;off&#8221; da_dark_close=&#8221;off&#8221; da_not_modal=&#8221;on&#8221; da_is_singular=&#8221;off&#8221; da_with_loader=&#8221;off&#8221; da_has_shadow=&#8221;on&#8221;][et_pb_row column_structure=&#8221;1_3,1_3,1_3&#8243; use_custom_gutter=&#8221;on&#8221; gutter_width=&#8221;2&#8243; make_equal=&#8221;on&#8221; _builder_version=&#8221;4.16&#8243; background_color=&#8221;#711223&#8243; background_size=&#8221;initial&#8221; background_position=&#8221;top_left&#8221; background_repeat=&#8221;repeat&#8221; module_alignment=&#8221;center&#8221; custom_margin=&#8221;0px|||&#8221; custom_padding=&#8221;0px|||&#8221; border_style_all=&#8221;none&#8221; custom_width_px=&#8221;1132px&#8221; global_colors_info=&#8221;{}&#8221;][et_pb_column type=&#8221;1_3&#8243; _builder_version=&#8221;4.16&#8243; custom_padding=&#8221;|||&#8221; global_colors_info=&#8221;{}&#8221; custom_padding__hover=&#8221;|||&#8221;][et_pb_gallery gallery_ids=&#8221;25624,25632,25638,25636,25640,25633,25635,25634&#8243; gallery_captions=&#8221;Hotel Posta, , , , , , , &#8221; posts_number=&#8221;1&#8243; show_title_and_caption=&#8221;off&#8221; show_pagination=&#8221;off&#8221; zoom_icon_color=&#8221;#711223&#8243; hover_overlay_color=&#8221;rgba(255,255,255,0.69)&#8221; _builder_version=&#8221;4.16&#8243; title_text_align=&#8221;center&#8221; title_text_color=&#8221;#e5e0d6&#8243; caption_font=&#8221;Alice||||||||&#8221; caption_text_align=&#8221;center&#8221; caption_text_color=&#8221;#e5e0d6&#8243; pagination_font=&#8221;Alice||||||||&#8221; background_color=&#8221;#711223&#8243; text_orientation=&#8221;center&#8221; background_layout=&#8221;dark&#8221; pagination_font_size_tablet=&#8221;51&#8243; pagination_line_height_tablet=&#8221;2&#8243; border_style_top_image=&#8221;solid&#8221; border_style_right_image=&#8221;solid&#8221; border_style_bottom_image=&#8221;solid&#8221; border_style_left_image=&#8221;solid&#8221; global_colors_info=&#8221;{}&#8221;][\/et_pb_gallery][et_pb_gallery gallery_ids=&#8221;26349,26354,25663,26359,25658,26282,26358,26357,26356,26279,26355,26776,26773,26770,26767,26764&#8243; gallery_captions=&#8221;,,,,,,&#8221; posts_number=&#8221;1&#8243; show_title_and_caption=&#8221;off&#8221; show_pagination=&#8221;off&#8221; zoom_icon_color=&#8221;#711223&#8243; hover_overlay_color=&#8221;rgba(255,255,255,0.69)&#8221; _builder_version=&#8221;4.16&#8243; pagination_font_size_tablet=&#8221;51&#8243; pagination_line_height_tablet=&#8221;2&#8243; global_colors_info=&#8221;{}&#8221;][\/et_pb_gallery][\/et_pb_column][et_pb_column type=&#8221;1_3&#8243; _builder_version=&#8221;4.16&#8243; custom_padding=&#8221;|||&#8221; global_colors_info=&#8221;{}&#8221; custom_padding__hover=&#8221;|||&#8221;][et_pb_gallery gallery_ids=&#8221;26156,25650,25645,25651,25643,25647,25644,25646,25648,25649&#8243; gallery_captions=&#8221;,,,,,,,,,&#8221; posts_number=&#8221;1&#8243; show_title_and_caption=&#8221;off&#8221; show_pagination=&#8221;off&#8221; zoom_icon_color=&#8221;#711223&#8243; hover_overlay_color=&#8221;rgba(255,255,255,0.69)&#8221; _builder_version=&#8221;4.16&#8243; pagination_font_size_tablet=&#8221;51&#8243; pagination_line_height_tablet=&#8221;2&#8243; border_style_top_image=&#8221;solid&#8221; border_style_right_image=&#8221;solid&#8221; border_style_bottom_image=&#8221;solid&#8221; border_style_left_image=&#8221;solid&#8221; global_colors_info=&#8221;{}&#8221;][\/et_pb_gallery][et_pb_gallery gallery_ids=&#8221;26163,28272,28275,28242,27394,28248,28269,25666,25677,25676,25667,25679,27391,27376,27373,27367,27385,28263,28257,25668,25669,25670,25678,25675,28245,28254,28251,25671,25672,25674,27403,27400,27397,27388,27379,28260&#8243; gallery_captions=&#8221;,,,,,,,,,,,,,,&#8221; posts_number=&#8221;1&#8243; show_title_and_caption=&#8221;off&#8221; show_pagination=&#8221;off&#8221; zoom_icon_color=&#8221;#711223&#8243; hover_overlay_color=&#8221;rgba(255,255,255,0.69)&#8221; _builder_version=&#8221;4.18.1&#8243; hover_enabled=&#8221;0&#8243; pagination_font_size_tablet=&#8221;51&#8243; pagination_line_height_tablet=&#8221;2&#8243; border_style_top_image=&#8221;solid&#8221; border_style_right_image=&#8221;solid&#8221; border_style_bottom_image=&#8221;solid&#8221; border_style_left_image=&#8221;solid&#8221; global_colors_info=&#8221;{}&#8221; sticky_enabled=&#8221;0&#8243;][\/et_pb_gallery][\/et_pb_column][et_pb_column type=&#8221;1_3&#8243; _builder_version=&#8221;4.16&#8243; custom_padding=&#8221;|||&#8221; global_colors_info=&#8221;{}&#8221; custom_padding__hover=&#8221;|||&#8221;][et_pb_gallery gallery_ids=&#8221;25627,25653,25654,25655,25656,25657&#8243; gallery_captions=&#8221;,,,,,&#8221; posts_number=&#8221;1&#8243; show_title_and_caption=&#8221;off&#8221; show_pagination=&#8221;off&#8221; zoom_icon_color=&#8221;#711223&#8243; hover_overlay_color=&#8221;rgba(255,255,255,0.69)&#8221; _builder_version=&#8221;4.16&#8243; pagination_font_size_tablet=&#8221;51&#8243; pagination_line_height_tablet=&#8221;2&#8243; border_style_top_image=&#8221;solid&#8221; border_style_right_image=&#8221;solid&#8221; border_style_bottom_image=&#8221;solid&#8221; border_style_left_image=&#8221;solid&#8221; global_colors_info=&#8221;{}&#8221;][\/et_pb_gallery][et_pb_gallery gallery_ids=&#8221;25630,25680,25690,25681,25689,25684,25686,25688,25687,25682,25691,25692,25679&#8243; gallery_captions=&#8221;,,,,,,,,,,,,&#8221; posts_number=&#8221;1&#8243; show_title_and_caption=&#8221;off&#8221; show_pagination=&#8221;off&#8221; zoom_icon_color=&#8221;#711223&#8243; hover_overlay_color=&#8221;rgba(255,255,255,0.69)&#8221; _builder_version=&#8221;4.16&#8243; pagination_font_size_tablet=&#8221;51&#8243; pagination_line_height_tablet=&#8221;2&#8243; border_style_top_image=&#8221;solid&#8221; border_style_right_image=&#8221;solid&#8221; border_style_bottom_image=&#8221;solid&#8221; border_style_left_image=&#8221;solid&#8221; global_colors_info=&#8221;{}&#8221;][\/et_pb_gallery][\/et_pb_column][\/et_pb_row][\/et_pb_section][et_pb_section fb_built=&#8221;1&#8243; _builder_version=&#8221;4.16&#8243; background_color=&#8221;#7e1529&#8243; custom_margin=&#8221;||0px|&#8221; custom_padding=&#8221;0px|0px|0px|0px&#8221; da_disable_devices=&#8221;off|off|off&#8221; border_style_all=&#8221;none&#8221; global_colors_info=&#8221;{}&#8221; da_is_popup=&#8221;off&#8221; da_exit_intent=&#8221;off&#8221; da_has_close=&#8221;on&#8221; da_alt_close=&#8221;off&#8221; da_dark_close=&#8221;off&#8221; da_not_modal=&#8221;on&#8221; da_is_singular=&#8221;off&#8221; da_with_loader=&#8221;off&#8221; da_has_shadow=&#8221;on&#8221;][et_pb_row use_custom_gutter=&#8221;on&#8221; gutter_width=&#8221;1&#8243; custom_padding_last_edited=&#8221;on|phone&#8221; module_class=&#8221;six-columns et_pb_row_fullwidth&#8221; _builder_version=&#8221;4.18.1&#8243; background_color=&#8221;#FFFFFF&#8221; background_size=&#8221;contain&#8221; width=&#8221;100%&#8221; width_tablet=&#8221;100%&#8221; width_phone=&#8221;&#8221; width_last_edited=&#8221;on|desktop&#8221; max_width=&#8221;100%&#8221; max_width_tablet=&#8221;100%&#8221; max_width_phone=&#8221;&#8221; max_width_last_edited=&#8221;on|desktop&#8221; module_alignment=&#8221;center&#8221; custom_margin=&#8221;||0px|&#8221; custom_padding=&#8221;20px||0px|&#8221; custom_padding_tablet=&#8221;&#8221; custom_padding_phone=&#8221;&#8221; border_style_all=&#8221;none&#8221; make_fullwidth=&#8221;on&#8221; custom_width_px=&#8221;2600px&#8221; global_colors_info=&#8221;{}&#8221;][et_pb_column type=&#8221;4_4&#8243; _builder_version=&#8221;4.16&#8243; custom_padding=&#8221;||0px|&#8221; global_colors_info=&#8221;{}&#8221; custom_padding__hover=&#8221;|||&#8221;][et_pb_blurb url=&#8221;http:\/\/www.fornidisopradolomiti.com&#8221; url_new_window=&#8221;on&#8221; image=&#8221;https:\/\/www.hotelposta.org\/wp-content\/uploads\/2017\/12\/Forni-di-sopra-dolomiti.png&#8221; _builder_version=&#8221;4.16&#8243; header_font_size=&#8221;1px&#8221; animation=&#8221;off&#8221; border_style_all=&#8221;none&#8221; border_style_top_image=&#8221;solid&#8221; border_style_right_image=&#8221;solid&#8221; border_style_bottom_image=&#8221;solid&#8221; border_style_left_image=&#8221;solid&#8221; global_colors_info=&#8221;{}&#8221;][\/et_pb_blurb][et_pb_blurb url=&#8221;http:\/\/www.turismofvg.it\/Info-utili\/Uffici-turistici\/Forni-di-Sopra-Infopoint&#8221; url_new_window=&#8221;on&#8221; image=&#8221;https:\/\/www.hotelposta.org\/wp-content\/uploads\/2017\/12\/Turismo-FVG.png&#8221; _builder_version=&#8221;4.16&#8243; header_font_size=&#8221;1px&#8221; animation=&#8221;off&#8221; border_style_all=&#8221;none&#8221; border_style_top_image=&#8221;solid&#8221; border_style_right_image=&#8221;solid&#8221; border_style_bottom_image=&#8221;solid&#8221; border_style_left_image=&#8221;solid&#8221; global_colors_info=&#8221;{}&#8221;][\/et_pb_blurb][et_pb_blurb url=&#8221;http:\/\/www.parcodolomitifriulane.it&#8221; url_new_window=&#8221;on&#8221; image=&#8221;https:\/\/www.hotelposta.org\/wp-content\/uploads\/2017\/12\/Parco-Dolomiti-Friulane.png&#8221; _builder_version=&#8221;4.16&#8243; header_font=&#8221;||||||||&#8221; header_font_size=&#8221;1px&#8221; animation=&#8221;off&#8221; border_style_all=&#8221;none&#8221; border_style_top_image=&#8221;solid&#8221; border_style_right_image=&#8221;solid&#8221; border_style_bottom_image=&#8221;solid&#8221; border_style_left_image=&#8221;solid&#8221; global_colors_info=&#8221;{}&#8221;][\/et_pb_blurb][et_pb_blurb url=&#8221;http:\/\/www.alpine-pearls.com&#8221; url_new_window=&#8221;on&#8221; image=&#8221;https:\/\/www.hotelposta.org\/wp-content\/uploads\/2022\/12\/alpine_pearls_logo_rgb-2.png&#8221; _builder_version=&#8221;4.18.1&#8243; header_font=&#8221;||||||||&#8221; header_font_size=&#8221;1px&#8221; animation=&#8221;off&#8221; border_style_all=&#8221;none&#8221; border_style_top_image=&#8221;solid&#8221; border_style_right_image=&#8221;solid&#8221; border_style_bottom_image=&#8221;solid&#8221; border_style_left_image=&#8221;solid&#8221; global_colors_info=&#8221;{}&#8221;][\/et_pb_blurb][et_pb_blurb url=&#8221;http:\/\/www.dolomitiunesco.info&#8221; url_new_window=&#8221;on&#8221; image=&#8221;https:\/\/www.hotelposta.org\/wp-content\/uploads\/2017\/12\/Unesco.png&#8221; _builder_version=&#8221;4.16&#8243; header_font=&#8221;||||||||&#8221; header_font_size=&#8221;1px&#8221; animation=&#8221;off&#8221; border_style_all=&#8221;none&#8221; border_style_top_image=&#8221;solid&#8221; border_style_right_image=&#8221;solid&#8221; border_style_bottom_image=&#8221;solid&#8221; border_style_left_image=&#8221;solid&#8221; global_colors_info=&#8221;{}&#8221;][\/et_pb_blurb][et_pb_blurb url=&#8221;https:\/\/ice-man.fornidisopra.org\/&#8221; url_new_window=&#8221;on&#8221; image=&#8221;https:\/\/www.hotelposta.org\/wp-content\/uploads\/2026\/01\/La-Mascotte-HARLUK-1.png&#8221; image_icon_width=&#8221;26%&#8221; _builder_version=&#8221;4.18.1&#8243; header_font=&#8221;||||||||&#8221; header_font_size=&#8221;1px&#8221; animation=&#8221;off&#8221; border_style_all=&#8221;none&#8221; border_style_top_image=&#8221;solid&#8221; border_style_right_image=&#8221;solid&#8221; border_style_bottom_image=&#8221;solid&#8221; border_style_left_image=&#8221;solid&#8221; global_colors_info=&#8221;{}&#8221;][\/et_pb_blurb][\/et_pb_column][\/et_pb_row][\/et_pb_section]<\/p>\n<span class=\"et_bloom_bottom_trigger\"><\/span>","protected":false},"excerpt":{"rendered":"<p>Gallery \u00a0<\/p>\n","protected":false},"author":1,"featured_media":0,"parent":0,"menu_order":0,"comment_status":"closed","ping_status":"closed","template":"","meta":{"_et_pb_use_builder":"on","_et_pb_old_content":"<p>Questa \u00e8 una pagina di esempio. Differisce da un articolo del blog perch\u00e9 rimane in posizione fissa e appare nella navigazione del sito (nella maggior parte dei temi). Molte persone iniziano con una pagina informativa che li introduce ai potenziali visitatori. Che potrebbe dire un cosa del genere:<\/p><blockquote><p>Salve! Sono un pony express di giorno, un aspirante attore di notte e questo \u00e8 il mio blog. Vivo a Los Angeles, ho un bellissimo cane di nome Jack e adoro la pi\u00f1a colada. (E trovarmi sotto la pioggia.)<\/p><\/blockquote><p>...oppure qualche cosa del genere:<\/p><blockquote><p>La XYZ Doohickey Company \u00e8 stata fondata nel 1971 e da allora ha venduto cazzabubbole di qualit\u00e0 ai propri clienti. SI trova a Gotham City, XYZ impiega oltre 2.000 persone e produce le cose pi\u00f9 incredibili per la comunit\u00e0 di Gotham.<\/p><\/blockquote><p>Come nuovo utente WordPress, \u00e8 possibile andare <a href=\"https:\/\/www.hotelposta.org\/wp-admin\/\">sulla bacheca<\/a> per eliminare questa pagina e creare nuove pagine per i propri contenuti. Buon divertimento!<\/p>","_et_gb_content_width":"","footnotes":""},"_links":{"self":[{"href":"https:\/\/www.hotelposta.org\/en\/wp-json\/wp\/v2\/pages\/25974\/"}],"collection":[{"href":"https:\/\/www.hotelposta.org\/en\/wp-json\/wp\/v2\/pages\/"}],"about":[{"href":"https:\/\/www.hotelposta.org\/en\/wp-json\/wp\/v2\/types\/page\/"}],"author":[{"embeddable":true,"href":"https:\/\/www.hotelposta.org\/en\/wp-json\/wp\/v2\/users\/1\/"}],"replies":[{"embeddable":true,"href":"https:\/\/www.hotelposta.org\/en\/wp-json\/wp\/v2\/comments\/?post=25974"}],"version-history":[{"count":16,"href":"https:\/\/www.hotelposta.org\/en\/wp-json\/wp\/v2\/pages\/25974\/revisions\/"}],"predecessor-version":[{"id":28283,"href":"https:\/\/www.hotelposta.org\/en\/wp-json\/wp\/v2\/pages\/25974\/revisions\/28283\/"}],"wp:attachment":[{"href":"https:\/\/www.hotelposta.org\/en\/wp-json\/wp\/v2\/media\/?parent=25974"}],"curies":[{"name":"wp","href":"https:\/\/api.w.org\/{rel}","templated":true}]}}